{"id":3017,"date":"2021-06-29T09:04:18","date_gmt":"2021-06-29T07:04:18","guid":{"rendered":"https:\/\/www.schwazer.it\/gamma-di-prodotti\/ringhiere-scale\/"},"modified":"2025-01-03T17:55:40","modified_gmt":"2025-01-03T15:55:40","slug":"insegne-e-scritte","status":"publish","type":"page","link":"https:\/\/www.schwazer.it\/it\/assortimento-prodotti\/insegne-e-scritte\/","title":{"rendered":"insegne e scritte"},"content":{"rendered":"[vc_row type=&#8221;in_container&#8221; full_screen_row_position=&#8221;middle&#8221; column_margin=&#8221;default&#8221; column_direction=&#8221;default&#8221; column_direction_tablet=&#8221;default&#8221; column_direction_phone=&#8221;default&#8221; scene_position=&#8221;center&#8221; top_padding=&#8221;2%&#8221; text_color=&#8221;dark&#8221; text_align=&#8221;left&#8221; row_border_radius=&#8221;none&#8221; row_border_radius_applies=&#8221;bg&#8221; overflow=&#8221;visible&#8221; overlay_strength=&#8221;0.3&#8243; gradient_direction=&#8221;left_to_right&#8221; shape_divider_position=&#8221;bottom&#8221; bg_image_animation=&#8221;none&#8221; shape_type=&#8221;&#8221;][vc_column column_padding=&#8221;no-extra-padding&#8221; column_padding_tablet=&#8221;inherit&#8221; column_padding_phone=&#8221;inherit&#8221; column_padding_position=&#8221;all&#8221; column_element_direction_desktop=&#8221;default&#8221; column_element_spacing=&#8221;default&#8221; centered_text=&#8221;true&#8221; desktop_text_alignment=&#8221;default&#8221; tablet_text_alignment=&#8221;default&#8221; phone_text_alignment=&#8221;default&#8221; background_color_opacity=&#8221;1&#8243; background_hover_color_opacity=&#8221;1&#8243; column_backdrop_filter=&#8221;none&#8221; column_shadow=&#8221;none&#8221; column_border_radius=&#8221;none&#8221; column_link_target=&#8221;_self&#8221; column_position=&#8221;default&#8221; gradient_direction=&#8221;left_to_right&#8221; overlay_strength=&#8221;0.3&#8243; width=&#8221;1\/1&#8243; tablet_width_inherit=&#8221;default&#8221; animation_type=&#8221;default&#8221; bg_image_animation=&#8221;none&#8221; border_type=&#8221;simple&#8221; column_border_width=&#8221;none&#8221; column_border_style=&#8221;solid&#8221;][vc_custom_heading text=&#8221;insegne e scritte&#8221; font_container=&#8221;tag:h1|text_align:center&#8221; use_theme_fonts=&#8221;yes&#8221; css=&#8221;.vc_custom_1735809261285{padding-bottom: 1% !important;}&#8221;][vc_column_text css=&#8221;&#8221; text_direction=&#8221;default&#8221;]<span lang=\"it-IT\">Attirate l&#8217;attenzione su di voi e sulla vostra azienda con le nostre insegne e scritte personalizzate. Che si tratti di un hotel, di un ristorante, di un&#8217;azienda o di uno studio, offriamo insegne e scritte in metallo di alta qualit\u00e0 che riflettono perfettamente l&#8217;identit\u00e0 del vostro marchio. I nostri design creativi e la nostra lavorazione accurata garantiscono che la vostra attivit\u00e0 si distingua sempre e colpisca clienti e visitatori.<\/span>[\/vc_column_text][nectar_cta btn_style=&#8221;underline&#8221; heading_tag=&#8221;h5&#8243; button_color=&#8221;default&#8221; text_color=&#8221;#a3a3a3&#8243; button_border_thickness=&#8221;0px&#8221; link_type=&#8221;regular&#8221; alignment=&#8221;center&#8221; alignment_tablet=&#8221;default&#8221; alignment_phone=&#8221;default&#8221; display=&#8221;block&#8221; display_tablet=&#8221;inherit&#8221; display_phone=&#8221;inherit&#8221; icon_family=&#8221;none&#8221; link_text=&#8221;HOME&#8221; url=&#8221;https:\/\/www.schwazer.it\/it\/&#8221;][\/vc_column][\/vc_row][vc_row type=&#8221;in_container&#8221; full_screen_row_position=&#8221;middle&#8221; column_margin=&#8221;default&#8221; column_direction=&#8221;default&#8221; column_direction_tablet=&#8221;default&#8221; column_direction_phone=&#8221;default&#8221; scene_position=&#8221;center&#8221; top_padding=&#8221;3%&#8221; bottom_padding=&#8221;3%&#8221; text_color=&#8221;dark&#8221; text_align=&#8221;left&#8221; row_border_radius=&#8221;none&#8221; row_border_radius_applies=&#8221;bg&#8221; overflow=&#8221;visible&#8221; overlay_strength=&#8221;0.3&#8243; gradient_direction=&#8221;left_to_right&#8221; shape_divider_position=&#8221;bottom&#8221; bg_image_animation=&#8221;none&#8221; shape_type=&#8221;&#8221;][vc_column column_padding=&#8221;no-extra-padding&#8221; column_padding_tablet=&#8221;inherit&#8221; column_padding_phone=&#8221;inherit&#8221; column_padding_position=&#8221;all&#8221; column_element_direction_desktop=&#8221;default&#8221; column_element_spacing=&#8221;default&#8221; desktop_text_alignment=&#8221;default&#8221; tablet_text_alignment=&#8221;default&#8221; phone_text_alignment=&#8221;default&#8221; background_color_opacity=&#8221;1&#8243; background_hover_color_opacity=&#8221;1&#8243; column_backdrop_filter=&#8221;none&#8221; column_shadow=&#8221;none&#8221; column_border_radius=&#8221;none&#8221; column_link_target=&#8221;_self&#8221; column_position=&#8221;default&#8221; gradient_direction=&#8221;left_to_right&#8221; overlay_strength=&#8221;0.3&#8243; width=&#8221;1\/1&#8243; tablet_width_inherit=&#8221;default&#8221; animation_type=&#8221;default&#8221; bg_image_animation=&#8221;none&#8221; border_type=&#8221;simple&#8221; column_border_width=&#8221;none&#8221; column_border_style=&#8221;solid&#8221;][vc_gallery css=&#8221;&#8221; type=&#8221;image_grid&#8221; images=&#8221;5966,5969,5973,5976,5979,5982,5985,5988,5991,5994,5997,6000,6003,6006,6009,6012,6015,6018,6021,6024,6027,6030,6033,6036,6039,6042,6045,6048,6051,6054&#8243; image_grid_loading=&#8221;default&#8221; display_title_caption=&#8221;true&#8221; layout=&#8221;3&#8243; item_spacing=&#8221;default&#8221; gallery_style=&#8221;7&#8243; load_in_animation=&#8221;none&#8221; img_size=&#8221;600&#215;600&#8243; el_class=&#8221;textuntenlinks&#8221;][\/vc_column][\/vc_row][vc_row type=&#8221;in_container&#8221; full_screen_row_position=&#8221;middle&#8221; column_margin=&#8221;default&#8221; column_direction=&#8221;default&#8221; column_direction_tablet=&#8221;default&#8221; column_direction_phone=&#8221;default&#8221; scene_position=&#8221;center&#8221; bottom_padding=&#8221;5%&#8221; text_color=&#8221;dark&#8221; text_align=&#8221;left&#8221; row_border_radius=&#8221;none&#8221; row_border_radius_applies=&#8221;bg&#8221; overflow=&#8221;visible&#8221; overlay_strength=&#8221;0.3&#8243; gradient_direction=&#8221;left_to_right&#8221; shape_divider_position=&#8221;bottom&#8221; bg_image_animation=&#8221;none&#8221; shape_type=&#8221;&#8221;][vc_column column_padding=&#8221;no-extra-padding&#8221; column_padding_tablet=&#8221;inherit&#8221; column_padding_phone=&#8221;inherit&#8221; column_padding_position=&#8221;all&#8221; column_element_direction_desktop=&#8221;default&#8221; column_element_spacing=&#8221;default&#8221; centered_text=&#8221;true&#8221; desktop_text_alignment=&#8221;default&#8221; tablet_text_alignment=&#8221;default&#8221; phone_text_alignment=&#8221;default&#8221; background_color_opacity=&#8221;1&#8243; background_hover_color_opacity=&#8221;1&#8243; column_backdrop_filter=&#8221;none&#8221; column_shadow=&#8221;none&#8221; column_border_radius=&#8221;none&#8221; column_link_target=&#8221;_self&#8221; column_position=&#8221;default&#8221; gradient_direction=&#8221;left_to_right&#8221; overlay_strength=&#8221;0.3&#8243; width=&#8221;1\/1&#8243; tablet_width_inherit=&#8221;default&#8221; animation_type=&#8221;default&#8221; bg_image_animation=&#8221;none&#8221; border_type=&#8221;simple&#8221; column_border_width=&#8221;none&#8221; column_border_style=&#8221;solid&#8221;][vc_column_text css=&#8221;&#8221; text_direction=&#8221;default&#8221;]\n<h3 style=\"text-align: center;\">la gastronomia ad altro livello<\/h3>\n<p style=\"text-align: center;\">vuole la presentazione adeguata, che trovi nella nostra sezione di <a href=\"https:\/\/www.schwazer.it\/it\/assortimento-prodotti\/ristorazione\/\">ristorazione<\/a><br \/>\nSiamo lieti di darvi ulteriori informazioni tramite: <a href=\"mailto:info@schwazer.it\">info@schwazer.it<\/a><\/p>\n[\/vc_column_text][nectar_cta btn_style=&#8221;underline&#8221; heading_tag=&#8221;h5&#8243; button_color=&#8221;default&#8221; text_color=&#8221;#a3a3a3&#8243; button_border_thickness=&#8221;0px&#8221; link_type=&#8221;regular&#8221; alignment=&#8221;center&#8221; alignment_tablet=&#8221;default&#8221; alignment_phone=&#8221;default&#8221; display=&#8221;block&#8221; display_tablet=&#8221;inherit&#8221; display_phone=&#8221;inherit&#8221; icon_family=&#8221;none&#8221; link_text=&#8221;HOME&#8221; url=&#8221;https:\/\/www.schwazer.it\/it&#8221;][\/vc_column][\/vc_row]\n","protected":false},"excerpt":{"rendered":"<p>[vc_row type=&#8221;in_container&#8221; full_screen_row_position=&#8221;middle&#8221; column_margin=&#8221;default&#8221; column_direction=&#8221;default&#8221; column_direction_tablet=&#8221;default&#8221; column_direction_phone=&#8221;default&#8221; scene_position=&#8221;center&#8221; top_padding=&#8221;2%&#8221; text_color=&#8221;dark&#8221; text_align=&#8221;left&#8221; row_border_radius=&#8221;none&#8221; row_border_radius_applies=&#8221;bg&#8221; overflow=&#8221;visible&#8221; overlay_strength=&#8221;0.3&#8243; gradient_direction=&#8221;left_to_right&#8221; shape_divider_position=&#8221;bottom&#8221; bg_image_animation=&#8221;none&#8221; shape_type=&#8221;&#8221;][vc_column column_padding=&#8221;no-extra-padding&#8221; column_padding_tablet=&#8221;inherit&#8221; column_padding_phone=&#8221;inherit&#8221; column_padding_position=&#8221;all&#8221; column_element_direction_desktop=&#8221;default&#8221; column_element_spacing=&#8221;default&#8221; centered_text=&#8221;true&#8221; desktop_text_alignment=&#8221;default&#8221; tablet_text_alignment=&#8221;default&#8221; phone_text_alignment=&#8221;default&#8221; background_color_opacity=&#8221;1&#8243;&#8230;<\/p>\n","protected":false},"author":3,"featured_media":0,"parent":5390,"menu_order":3,"comment_status":"closed","ping_status":"closed","template":"","meta":{"footnotes":""},"class_list":["post-3017","page","type-page","status-publish"],"yoast_head":"<!-- This site is optimized with the Yoast SEO plugin v26.6 - https:\/\/yoast.com\/wordpress\/plugins\/seo\/ -->\n<title>insegne e scritte - METALLATELLIER<\/title>\n<meta name=\"robots\" content=\"index, follow, max-snippet:-1, max-image-preview:large, max-video-preview:-1\" \/>\n<link rel=\"canonical\" href=\"https:\/\/www.schwazer.it\/it\/assortimento-prodotti\/insegne-e-scritte\/\" \/>\n<meta property=\"og:locale\" content=\"it_IT\" \/>\n<meta property=\"og:type\" content=\"article\" \/>\n<meta property=\"og:title\" content=\"insegne e scritte - METALLATELLIER\" \/>\n<meta property=\"og:description\" content=\"[vc_row type=&#8221;in_container&#8221; full_screen_row_position=&#8221;middle&#8221; column_margin=&#8221;default&#8221; column_direction=&#8221;default&#8221; column_direction_tablet=&#8221;default&#8221; column_direction_phone=&#8221;default&#8221; scene_position=&#8221;center&#8221; top_padding=&#8221;2%&#8221; text_color=&#8221;dark&#8221; text_align=&#8221;left&#8221; row_border_radius=&#8221;none&#8221; row_border_radius_applies=&#8221;bg&#8221; overflow=&#8221;visible&#8221; overlay_strength=&#8221;0.3&#8243; gradient_direction=&#8221;left_to_right&#8221; shape_divider_position=&#8221;bottom&#8221; bg_image_animation=&#8221;none&#8221; shape_type=&#8221;&#8221;][vc_column column_padding=&#8221;no-extra-padding&#8221; column_padding_tablet=&#8221;inherit&#8221; column_padding_phone=&#8221;inherit&#8221; column_padding_position=&#8221;all&#8221; column_element_direction_desktop=&#8221;default&#8221; column_element_spacing=&#8221;default&#8221; centered_text=&#8221;true&#8221; desktop_text_alignment=&#8221;default&#8221; tablet_text_alignment=&#8221;default&#8221; phone_text_alignment=&#8221;default&#8221; background_color_opacity=&#8221;1&#8243;...\" \/>\n<meta property=\"og:url\" content=\"https:\/\/www.schwazer.it\/it\/assortimento-prodotti\/insegne-e-scritte\/\" \/>\n<meta property=\"og:site_name\" content=\"METALLATELLIER\" \/>\n<meta property=\"article:publisher\" content=\"https:\/\/www.facebook.com\/metallatelier.it\" \/>\n<meta property=\"article:modified_time\" content=\"2025-01-03T15:55:40+00:00\" \/>\n<meta property=\"og:image\" content=\"https:\/\/www.schwazer.it\/wordpress\/wp-content\/uploads\/2023\/01\/Metallatelier-Christoph-Schwazer-Metall.png\" \/>\n\t<meta property=\"og:image:width\" content=\"800\" \/>\n\t<meta property=\"og:image:height\" content=\"429\" \/>\n\t<meta property=\"og:image:type\" content=\"image\/png\" \/>\n<meta name=\"twitter:card\" content=\"summary_large_image\" \/>\n<meta name=\"twitter:label1\" content=\"Est. reading time\" \/>\n\t<meta name=\"twitter:data1\" content=\"4 minutes\" \/>\n<script type=\"application\/ld+json\" class=\"yoast-schema-graph\">{\"@context\":\"https:\/\/schema.org\",\"@graph\":[{\"@type\":\"WebPage\",\"@id\":\"https:\/\/www.schwazer.it\/it\/assortimento-prodotti\/insegne-e-scritte\/\",\"url\":\"https:\/\/www.schwazer.it\/it\/assortimento-prodotti\/insegne-e-scritte\/\",\"name\":\"insegne e scritte - METALLATELLIER\",\"isPartOf\":{\"@id\":\"https:\/\/www.schwazer.it\/#website\"},\"datePublished\":\"2021-06-29T07:04:18+00:00\",\"dateModified\":\"2025-01-03T15:55:40+00:00\",\"breadcrumb\":{\"@id\":\"https:\/\/www.schwazer.it\/it\/assortimento-prodotti\/insegne-e-scritte\/#breadcrumb\"},\"inLanguage\":\"it-IT\",\"potentialAction\":[{\"@type\":\"ReadAction\",\"target\":[\"https:\/\/www.schwazer.it\/it\/assortimento-prodotti\/insegne-e-scritte\/\"]}]},{\"@type\":\"BreadcrumbList\",\"@id\":\"https:\/\/www.schwazer.it\/it\/assortimento-prodotti\/insegne-e-scritte\/#breadcrumb\",\"itemListElement\":[{\"@type\":\"ListItem\",\"position\":1,\"name\":\"Startseite\",\"item\":\"https:\/\/www.schwazer.it\/it\/\"},{\"@type\":\"ListItem\",\"position\":2,\"name\":\"Assortimento Prodotti\",\"item\":\"https:\/\/www.schwazer.it\/it\/assortimento-prodotti\/\"},{\"@type\":\"ListItem\",\"position\":3,\"name\":\"insegne e scritte\"}]},{\"@type\":\"WebSite\",\"@id\":\"https:\/\/www.schwazer.it\/#website\",\"url\":\"https:\/\/www.schwazer.it\/\",\"name\":\"SCHWAZER METALL\",\"description\":\"di Christoph Schwazer\",\"publisher\":{\"@id\":\"https:\/\/www.schwazer.it\/#organization\"},\"potentialAction\":[{\"@type\":\"SearchAction\",\"target\":{\"@type\":\"EntryPoint\",\"urlTemplate\":\"https:\/\/www.schwazer.it\/?s={search_term_string}\"},\"query-input\":{\"@type\":\"PropertyValueSpecification\",\"valueRequired\":true,\"valueName\":\"search_term_string\"}}],\"inLanguage\":\"it-IT\"},{\"@type\":\"Organization\",\"@id\":\"https:\/\/www.schwazer.it\/#organization\",\"name\":\"SCHWAZER METALL\",\"url\":\"https:\/\/www.schwazer.it\/\",\"logo\":{\"@type\":\"ImageObject\",\"inLanguage\":\"it-IT\",\"@id\":\"https:\/\/www.schwazer.it\/#\/schema\/logo\/image\/\",\"url\":\"https:\/\/www.schwazer.it\/wordpress\/wp-content\/uploads\/2023\/01\/Metallatelier-Christoph-Schwazer-Metall.png\",\"contentUrl\":\"https:\/\/www.schwazer.it\/wordpress\/wp-content\/uploads\/2023\/01\/Metallatelier-Christoph-Schwazer-Metall.png\",\"width\":800,\"height\":429,\"caption\":\"SCHWAZER METALL\"},\"image\":{\"@id\":\"https:\/\/www.schwazer.it\/#\/schema\/logo\/image\/\"},\"sameAs\":[\"https:\/\/www.facebook.com\/metallatelier.it\",\"https:\/\/www.instagram.com\/schwazermetall\/\"]}]}<\/script>\n<!-- \/ Yoast SEO plugin. -->","yoast_head_json":{"title":"insegne e scritte - METALLATELLIER","robots":{"index":"index","follow":"follow","max-snippet":"max-snippet:-1","max-image-preview":"max-image-preview:large","max-video-preview":"max-video-preview:-1"},"canonical":"https:\/\/www.schwazer.it\/it\/assortimento-prodotti\/insegne-e-scritte\/","og_locale":"it_IT","og_type":"article","og_title":"insegne e scritte - METALLATELLIER","og_description":"[vc_row type=&#8221;in_container&#8221; full_screen_row_position=&#8221;middle&#8221; column_margin=&#8221;default&#8221; column_direction=&#8221;default&#8221; column_direction_tablet=&#8221;default&#8221; column_direction_phone=&#8221;default&#8221; scene_position=&#8221;center&#8221; top_padding=&#8221;2%&#8221; text_color=&#8221;dark&#8221; text_align=&#8221;left&#8221; row_border_radius=&#8221;none&#8221; row_border_radius_applies=&#8221;bg&#8221; overflow=&#8221;visible&#8221; overlay_strength=&#8221;0.3&#8243; gradient_direction=&#8221;left_to_right&#8221; shape_divider_position=&#8221;bottom&#8221; bg_image_animation=&#8221;none&#8221; shape_type=&#8221;&#8221;][vc_column column_padding=&#8221;no-extra-padding&#8221; column_padding_tablet=&#8221;inherit&#8221; column_padding_phone=&#8221;inherit&#8221; column_padding_position=&#8221;all&#8221; column_element_direction_desktop=&#8221;default&#8221; column_element_spacing=&#8221;default&#8221; centered_text=&#8221;true&#8221; desktop_text_alignment=&#8221;default&#8221; tablet_text_alignment=&#8221;default&#8221; phone_text_alignment=&#8221;default&#8221; background_color_opacity=&#8221;1&#8243;...","og_url":"https:\/\/www.schwazer.it\/it\/assortimento-prodotti\/insegne-e-scritte\/","og_site_name":"METALLATELLIER","article_publisher":"https:\/\/www.facebook.com\/metallatelier.it","article_modified_time":"2025-01-03T15:55:40+00:00","og_image":[{"width":800,"height":429,"url":"https:\/\/www.schwazer.it\/wordpress\/wp-content\/uploads\/2023\/01\/Metallatelier-Christoph-Schwazer-Metall.png","type":"image\/png"}],"twitter_card":"summary_large_image","twitter_misc":{"Est. reading time":"4 minutes"},"schema":{"@context":"https:\/\/schema.org","@graph":[{"@type":"WebPage","@id":"https:\/\/www.schwazer.it\/it\/assortimento-prodotti\/insegne-e-scritte\/","url":"https:\/\/www.schwazer.it\/it\/assortimento-prodotti\/insegne-e-scritte\/","name":"insegne e scritte - METALLATELLIER","isPartOf":{"@id":"https:\/\/www.schwazer.it\/#website"},"datePublished":"2021-06-29T07:04:18+00:00","dateModified":"2025-01-03T15:55:40+00:00","breadcrumb":{"@id":"https:\/\/www.schwazer.it\/it\/assortimento-prodotti\/insegne-e-scritte\/#breadcrumb"},"inLanguage":"it-IT","potentialAction":[{"@type":"ReadAction","target":["https:\/\/www.schwazer.it\/it\/assortimento-prodotti\/insegne-e-scritte\/"]}]},{"@type":"BreadcrumbList","@id":"https:\/\/www.schwazer.it\/it\/assortimento-prodotti\/insegne-e-scritte\/#breadcrumb","itemListElement":[{"@type":"ListItem","position":1,"name":"Startseite","item":"https:\/\/www.schwazer.it\/it\/"},{"@type":"ListItem","position":2,"name":"Assortimento Prodotti","item":"https:\/\/www.schwazer.it\/it\/assortimento-prodotti\/"},{"@type":"ListItem","position":3,"name":"insegne e scritte"}]},{"@type":"WebSite","@id":"https:\/\/www.schwazer.it\/#website","url":"https:\/\/www.schwazer.it\/","name":"SCHWAZER METALL","description":"di Christoph Schwazer","publisher":{"@id":"https:\/\/www.schwazer.it\/#organization"},"potentialAction":[{"@type":"SearchAction","target":{"@type":"EntryPoint","urlTemplate":"https:\/\/www.schwazer.it\/?s={search_term_string}"},"query-input":{"@type":"PropertyValueSpecification","valueRequired":true,"valueName":"search_term_string"}}],"inLanguage":"it-IT"},{"@type":"Organization","@id":"https:\/\/www.schwazer.it\/#organization","name":"SCHWAZER METALL","url":"https:\/\/www.schwazer.it\/","logo":{"@type":"ImageObject","inLanguage":"it-IT","@id":"https:\/\/www.schwazer.it\/#\/schema\/logo\/image\/","url":"https:\/\/www.schwazer.it\/wordpress\/wp-content\/uploads\/2023\/01\/Metallatelier-Christoph-Schwazer-Metall.png","contentUrl":"https:\/\/www.schwazer.it\/wordpress\/wp-content\/uploads\/2023\/01\/Metallatelier-Christoph-Schwazer-Metall.png","width":800,"height":429,"caption":"SCHWAZER METALL"},"image":{"@id":"https:\/\/www.schwazer.it\/#\/schema\/logo\/image\/"},"sameAs":["https:\/\/www.facebook.com\/metallatelier.it","https:\/\/www.instagram.com\/schwazermetall\/"]}]}},"_links":{"self":[{"href":"https:\/\/www.schwazer.it\/it\/wp-json\/wp\/v2\/pages\/3017","targetHints":{"allow":["GET"]}}],"collection":[{"href":"https:\/\/www.schwazer.it\/it\/wp-json\/wp\/v2\/pages"}],"about":[{"href":"https:\/\/www.schwazer.it\/it\/wp-json\/wp\/v2\/types\/page"}],"author":[{"embeddable":true,"href":"https:\/\/www.schwazer.it\/it\/wp-json\/wp\/v2\/users\/3"}],"replies":[{"embeddable":true,"href":"https:\/\/www.schwazer.it\/it\/wp-json\/wp\/v2\/comments?post=3017"}],"version-history":[{"count":0,"href":"https:\/\/www.schwazer.it\/it\/wp-json\/wp\/v2\/pages\/3017\/revisions"}],"up":[{"embeddable":true,"href":"https:\/\/www.schwazer.it\/it\/wp-json\/wp\/v2\/pages\/5390"}],"wp:attachment":[{"href":"https:\/\/www.schwazer.it\/it\/wp-json\/wp\/v2\/media?parent=3017"}],"curies":[{"name":"wp","href":"https:\/\/api.w.org\/{rel}","templated":true}]}}