{"id":7138,"date":"2025-04-25T11:03:46","date_gmt":"2025-04-25T09:03:46","guid":{"rendered":"https:\/\/www.schwazer.it\/?post_type=product&#038;p=7138"},"modified":"2025-05-09T16:26:29","modified_gmt":"2025-05-09T14:26:29","slug":"refrigeratore-per-champagne-e-vino-vela-pezzo-unico-fatto-a-mano-dallalto-adige","status":"publish","type":"product","link":"https:\/\/www.schwazer.it\/it\/shop\/senza-categoria\/refrigeratore-per-champagne-e-vino-vela-pezzo-unico-fatto-a-mano-dallalto-adige\/","title":{"rendered":"REFRIGERATORE PER CHAMPAGNE E VINO VELA &#8211; PEZZO UNICO FATTO A MANO DALL&#8217; ALTO ADIGE"},"content":{"rendered":"<ul>\n<li><span lang=\"it-IT\">Incisione laser \u201cCarpe Vinum\u201d<\/span><\/li>\n<li><span lang=\"it-IT\">&#8211; stile vintage spazzolato<\/span><\/li>\n<\/ul>\n","protected":false},"excerpt":{"rendered":"<p><span lang=\"it-IT\">Un&#8217;opera d&#8217;arte in acciaio inossidabile &#8211; nata nel fuoco, creata per intenditori.<\/span><\/p>\n<p><span lang=\"it-IT\">Il refrigeratore per champagne e vino Vela \u00e8 pi\u00f9 di un semplice accessorio funzionale: \u00e8 una dichiarazione unica di stile, sostanza e individualit\u00e0. Il refrigeratore \u00e8 stampato a caldo, a oltre 1.000\u00b0 C. Questo processo di lavorazione garantisce l&#8217;unicit\u00e0 di Vela. Non esistono due esemplari identici. Nessun radiatore pu\u00f2 essere riprodotto. Ogni Vela assolutamente unico.<\/span><\/p>\n<p><span lang=\"it-IT\">La sua forma non \u00e8 solo espressione di un design esclusivo, ma assolve anche a una chiara funzione: la bottiglia &#8211; sia essa di champagne, spumante o vino &#8211; viene raffreddata uniformemente da tutti i lati. Questa combinazione di scultura e tecnologia, di bellezza e utilit\u00e0 rende Vela il compagno perfetto in ogni ambiente.<\/span><\/p>\n<p><span lang=\"it-IT\">Un dettaglio raffinato sottolinea la filosofia di questo capolavoro: l&#8217;incisione laser \u201cCarpe Vinum\u201d, un invito a godere consapevolmente vita e vino (spumante).<\/span><\/p>\n","protected":false},"featured_media":7597,"comment_status":"closed","ping_status":"closed","template":"","meta":[],"product_brand":[],"product_cat":[],"product_tag":[],"class_list":{"0":"post-7138","1":"product","2":"type-product","3":"status-publish","4":"has-post-thumbnail","6":"first","7":"instock","8":"taxable","9":"shipping-taxable","10":"purchasable","11":"product-type-simple"},"yoast_head":"<!-- This site is optimized with the Yoast SEO plugin v26.6 - https:\/\/yoast.com\/wordpress\/plugins\/seo\/ -->\n<title>REFRIGERATORE PER CHAMPAGNE E VINO VELA - PEZZO UNICO FATTO A MANO DALL&#039; ALTO ADIGE - METALLATELLIER<\/title>\n<meta name=\"robots\" content=\"index, follow, max-snippet:-1, max-image-preview:large, max-video-preview:-1\" \/>\n<link rel=\"canonical\" href=\"https:\/\/www.schwazer.it\/it\/shop\/unkategorisiert\/refrigeratore-per-champagne-e-vino-vela-pezzo-unico-fatto-a-mano-dallalto-adige\/\" \/>\n<meta property=\"og:locale\" content=\"it_IT\" \/>\n<meta property=\"og:type\" content=\"article\" \/>\n<meta property=\"og:title\" content=\"REFRIGERATORE PER CHAMPAGNE E VINO VELA - PEZZO UNICO FATTO A MANO DALL&#039; ALTO ADIGE - METALLATELLIER\" \/>\n<meta property=\"og:description\" content=\"Un&#039;opera d&#039;arte in acciaio inossidabile - nata nel fuoco, creata per intenditori.  Il refrigeratore per champagne e vino Vela \u00e8 pi\u00f9 di un semplice accessorio funzionale: \u00e8 una dichiarazione unica di stile, sostanza e individualit\u00e0. Il refrigeratore \u00e8 stampato a caldo, a oltre 1.000\u00b0 C. Questo processo di lavorazione garantisce l&#039;unicit\u00e0 di Vela. Non esistono due esemplari identici. Nessun radiatore pu\u00f2 essere riprodotto. Ogni Vela assolutamente unico.  La sua forma non \u00e8 solo espressione di un design esclusivo, ma assolve anche a una chiara funzione: la bottiglia - sia essa di champagne, spumante o vino - viene raffreddata uniformemente da tutti i lati. Questa combinazione di scultura e tecnologia, di bellezza e utilit\u00e0 rende Vela il compagno perfetto in ogni ambiente.  Un dettaglio raffinato sottolinea la filosofia di questo capolavoro: l&#039;incisione laser \u201cCarpe Vinum\u201d, un invito a godere consapevolmente vita e vino (spumante).\" \/>\n<meta property=\"og:url\" content=\"https:\/\/www.schwazer.it\/it\/shop\/unkategorisiert\/refrigeratore-per-champagne-e-vino-vela-pezzo-unico-fatto-a-mano-dallalto-adige\/\" \/>\n<meta property=\"og:site_name\" content=\"METALLATELLIER\" \/>\n<meta property=\"article:publisher\" content=\"https:\/\/www.facebook.com\/metallatelier.it\" \/>\n<meta property=\"article:modified_time\" content=\"2025-05-09T14:26:29+00:00\" \/>\n<meta property=\"og:image\" content=\"https:\/\/www.schwazer.it\/wordpress\/wp-content\/uploads\/2025\/03\/IMG_7629a-scaled.jpg\" \/>\n\t<meta property=\"og:image:width\" content=\"2560\" \/>\n\t<meta property=\"og:image:height\" content=\"2556\" \/>\n\t<meta property=\"og:image:type\" content=\"image\/jpeg\" \/>\n<meta name=\"twitter:card\" content=\"summary_large_image\" \/>\n<script type=\"application\/ld+json\" class=\"yoast-schema-graph\">{\"@context\":\"https:\/\/schema.org\",\"@graph\":[{\"@type\":\"WebPage\",\"@id\":\"https:\/\/www.schwazer.it\/it\/shop\/unkategorisiert\/refrigeratore-per-champagne-e-vino-vela-pezzo-unico-fatto-a-mano-dallalto-adige\/\",\"url\":\"https:\/\/www.schwazer.it\/it\/shop\/unkategorisiert\/refrigeratore-per-champagne-e-vino-vela-pezzo-unico-fatto-a-mano-dallalto-adige\/\",\"name\":\"REFRIGERATORE PER CHAMPAGNE E VINO VELA - PEZZO UNICO FATTO A MANO DALL' ALTO ADIGE - METALLATELLIER\",\"isPartOf\":{\"@id\":\"https:\/\/www.schwazer.it\/#website\"},\"primaryImageOfPage\":{\"@id\":\"https:\/\/www.schwazer.it\/it\/shop\/unkategorisiert\/refrigeratore-per-champagne-e-vino-vela-pezzo-unico-fatto-a-mano-dallalto-adige\/#primaryimage\"},\"image\":{\"@id\":\"https:\/\/www.schwazer.it\/it\/shop\/unkategorisiert\/refrigeratore-per-champagne-e-vino-vela-pezzo-unico-fatto-a-mano-dallalto-adige\/#primaryimage\"},\"thumbnailUrl\":\"https:\/\/www.schwazer.it\/wordpress\/wp-content\/uploads\/2025\/04\/2.png\",\"datePublished\":\"2025-04-25T09:03:46+00:00\",\"dateModified\":\"2025-05-09T14:26:29+00:00\",\"breadcrumb\":{\"@id\":\"https:\/\/www.schwazer.it\/it\/shop\/unkategorisiert\/refrigeratore-per-champagne-e-vino-vela-pezzo-unico-fatto-a-mano-dallalto-adige\/#breadcrumb\"},\"inLanguage\":\"it-IT\",\"potentialAction\":[{\"@type\":\"ReadAction\",\"target\":[\"https:\/\/www.schwazer.it\/it\/shop\/unkategorisiert\/refrigeratore-per-champagne-e-vino-vela-pezzo-unico-fatto-a-mano-dallalto-adige\/\"]}]},{\"@type\":\"ImageObject\",\"inLanguage\":\"it-IT\",\"@id\":\"https:\/\/www.schwazer.it\/it\/shop\/unkategorisiert\/refrigeratore-per-champagne-e-vino-vela-pezzo-unico-fatto-a-mano-dallalto-adige\/#primaryimage\",\"url\":\"https:\/\/www.schwazer.it\/wordpress\/wp-content\/uploads\/2025\/04\/2.png\",\"contentUrl\":\"https:\/\/www.schwazer.it\/wordpress\/wp-content\/uploads\/2025\/04\/2.png\",\"width\":2500,\"height\":1900},{\"@type\":\"BreadcrumbList\",\"@id\":\"https:\/\/www.schwazer.it\/it\/shop\/unkategorisiert\/refrigeratore-per-champagne-e-vino-vela-pezzo-unico-fatto-a-mano-dallalto-adige\/#breadcrumb\",\"itemListElement\":[{\"@type\":\"ListItem\",\"position\":1,\"name\":\"Startseite\",\"item\":\"https:\/\/www.schwazer.it\/it\/\"},{\"@type\":\"ListItem\",\"position\":2,\"name\":\"Shop\",\"item\":\"https:\/\/www.schwazer.it\/it\/shop\/\"},{\"@type\":\"ListItem\",\"position\":3,\"name\":\"REFRIGERATORE PER CHAMPAGNE E VINO VELA &#8211; PEZZO UNICO FATTO A MANO DALL&#8216; ALTO ADIGE\"}]},{\"@type\":\"WebSite\",\"@id\":\"https:\/\/www.schwazer.it\/#website\",\"url\":\"https:\/\/www.schwazer.it\/\",\"name\":\"SCHWAZER METALL\",\"description\":\"di Christoph Schwazer\",\"publisher\":{\"@id\":\"https:\/\/www.schwazer.it\/#organization\"},\"potentialAction\":[{\"@type\":\"SearchAction\",\"target\":{\"@type\":\"EntryPoint\",\"urlTemplate\":\"https:\/\/www.schwazer.it\/?s={search_term_string}\"},\"query-input\":{\"@type\":\"PropertyValueSpecification\",\"valueRequired\":true,\"valueName\":\"search_term_string\"}}],\"inLanguage\":\"it-IT\"},{\"@type\":\"Organization\",\"@id\":\"https:\/\/www.schwazer.it\/#organization\",\"name\":\"SCHWAZER METALL\",\"url\":\"https:\/\/www.schwazer.it\/\",\"logo\":{\"@type\":\"ImageObject\",\"inLanguage\":\"it-IT\",\"@id\":\"https:\/\/www.schwazer.it\/#\/schema\/logo\/image\/\",\"url\":\"https:\/\/www.schwazer.it\/wordpress\/wp-content\/uploads\/2023\/01\/Metallatelier-Christoph-Schwazer-Metall.png\",\"contentUrl\":\"https:\/\/www.schwazer.it\/wordpress\/wp-content\/uploads\/2023\/01\/Metallatelier-Christoph-Schwazer-Metall.png\",\"width\":800,\"height\":429,\"caption\":\"SCHWAZER METALL\"},\"image\":{\"@id\":\"https:\/\/www.schwazer.it\/#\/schema\/logo\/image\/\"},\"sameAs\":[\"https:\/\/www.facebook.com\/metallatelier.it\",\"https:\/\/www.instagram.com\/schwazermetall\/\"]}]}<\/script>\n<!-- \/ Yoast SEO plugin. -->","yoast_head_json":{"title":"REFRIGERATORE PER CHAMPAGNE E VINO VELA - PEZZO UNICO FATTO A MANO DALL' ALTO ADIGE - METALLATELLIER","robots":{"index":"index","follow":"follow","max-snippet":"max-snippet:-1","max-image-preview":"max-image-preview:large","max-video-preview":"max-video-preview:-1"},"canonical":"https:\/\/www.schwazer.it\/it\/shop\/unkategorisiert\/refrigeratore-per-champagne-e-vino-vela-pezzo-unico-fatto-a-mano-dallalto-adige\/","og_locale":"it_IT","og_type":"article","og_title":"REFRIGERATORE PER CHAMPAGNE E VINO VELA - PEZZO UNICO FATTO A MANO DALL' ALTO ADIGE - METALLATELLIER","og_description":"Un'opera d'arte in acciaio inossidabile - nata nel fuoco, creata per intenditori.  Il refrigeratore per champagne e vino Vela \u00e8 pi\u00f9 di un semplice accessorio funzionale: \u00e8 una dichiarazione unica di stile, sostanza e individualit\u00e0. Il refrigeratore \u00e8 stampato a caldo, a oltre 1.000\u00b0 C. Questo processo di lavorazione garantisce l'unicit\u00e0 di Vela. Non esistono due esemplari identici. Nessun radiatore pu\u00f2 essere riprodotto. Ogni Vela assolutamente unico.  La sua forma non \u00e8 solo espressione di un design esclusivo, ma assolve anche a una chiara funzione: la bottiglia - sia essa di champagne, spumante o vino - viene raffreddata uniformemente da tutti i lati. Questa combinazione di scultura e tecnologia, di bellezza e utilit\u00e0 rende Vela il compagno perfetto in ogni ambiente.  Un dettaglio raffinato sottolinea la filosofia di questo capolavoro: l'incisione laser \u201cCarpe Vinum\u201d, un invito a godere consapevolmente vita e vino (spumante).","og_url":"https:\/\/www.schwazer.it\/it\/shop\/unkategorisiert\/refrigeratore-per-champagne-e-vino-vela-pezzo-unico-fatto-a-mano-dallalto-adige\/","og_site_name":"METALLATELLIER","article_publisher":"https:\/\/www.facebook.com\/metallatelier.it","article_modified_time":"2025-05-09T14:26:29+00:00","og_image":[{"width":2560,"height":2556,"url":"https:\/\/www.schwazer.it\/wordpress\/wp-content\/uploads\/2025\/03\/IMG_7629a-scaled.jpg","type":"image\/jpeg"}],"twitter_card":"summary_large_image","schema":{"@context":"https:\/\/schema.org","@graph":[{"@type":"WebPage","@id":"https:\/\/www.schwazer.it\/it\/shop\/unkategorisiert\/refrigeratore-per-champagne-e-vino-vela-pezzo-unico-fatto-a-mano-dallalto-adige\/","url":"https:\/\/www.schwazer.it\/it\/shop\/unkategorisiert\/refrigeratore-per-champagne-e-vino-vela-pezzo-unico-fatto-a-mano-dallalto-adige\/","name":"REFRIGERATORE PER CHAMPAGNE E VINO VELA - PEZZO UNICO FATTO A MANO DALL' ALTO ADIGE - METALLATELLIER","isPartOf":{"@id":"https:\/\/www.schwazer.it\/#website"},"primaryImageOfPage":{"@id":"https:\/\/www.schwazer.it\/it\/shop\/unkategorisiert\/refrigeratore-per-champagne-e-vino-vela-pezzo-unico-fatto-a-mano-dallalto-adige\/#primaryimage"},"image":{"@id":"https:\/\/www.schwazer.it\/it\/shop\/unkategorisiert\/refrigeratore-per-champagne-e-vino-vela-pezzo-unico-fatto-a-mano-dallalto-adige\/#primaryimage"},"thumbnailUrl":"https:\/\/www.schwazer.it\/wordpress\/wp-content\/uploads\/2025\/04\/2.png","datePublished":"2025-04-25T09:03:46+00:00","dateModified":"2025-05-09T14:26:29+00:00","breadcrumb":{"@id":"https:\/\/www.schwazer.it\/it\/shop\/unkategorisiert\/refrigeratore-per-champagne-e-vino-vela-pezzo-unico-fatto-a-mano-dallalto-adige\/#breadcrumb"},"inLanguage":"it-IT","potentialAction":[{"@type":"ReadAction","target":["https:\/\/www.schwazer.it\/it\/shop\/unkategorisiert\/refrigeratore-per-champagne-e-vino-vela-pezzo-unico-fatto-a-mano-dallalto-adige\/"]}]},{"@type":"ImageObject","inLanguage":"it-IT","@id":"https:\/\/www.schwazer.it\/it\/shop\/unkategorisiert\/refrigeratore-per-champagne-e-vino-vela-pezzo-unico-fatto-a-mano-dallalto-adige\/#primaryimage","url":"https:\/\/www.schwazer.it\/wordpress\/wp-content\/uploads\/2025\/04\/2.png","contentUrl":"https:\/\/www.schwazer.it\/wordpress\/wp-content\/uploads\/2025\/04\/2.png","width":2500,"height":1900},{"@type":"BreadcrumbList","@id":"https:\/\/www.schwazer.it\/it\/shop\/unkategorisiert\/refrigeratore-per-champagne-e-vino-vela-pezzo-unico-fatto-a-mano-dallalto-adige\/#breadcrumb","itemListElement":[{"@type":"ListItem","position":1,"name":"Startseite","item":"https:\/\/www.schwazer.it\/it\/"},{"@type":"ListItem","position":2,"name":"Shop","item":"https:\/\/www.schwazer.it\/it\/shop\/"},{"@type":"ListItem","position":3,"name":"REFRIGERATORE PER CHAMPAGNE E VINO VELA &#8211; PEZZO UNICO FATTO A MANO DALL&#8216; ALTO ADIGE"}]},{"@type":"WebSite","@id":"https:\/\/www.schwazer.it\/#website","url":"https:\/\/www.schwazer.it\/","name":"SCHWAZER METALL","description":"di Christoph Schwazer","publisher":{"@id":"https:\/\/www.schwazer.it\/#organization"},"potentialAction":[{"@type":"SearchAction","target":{"@type":"EntryPoint","urlTemplate":"https:\/\/www.schwazer.it\/?s={search_term_string}"},"query-input":{"@type":"PropertyValueSpecification","valueRequired":true,"valueName":"search_term_string"}}],"inLanguage":"it-IT"},{"@type":"Organization","@id":"https:\/\/www.schwazer.it\/#organization","name":"SCHWAZER METALL","url":"https:\/\/www.schwazer.it\/","logo":{"@type":"ImageObject","inLanguage":"it-IT","@id":"https:\/\/www.schwazer.it\/#\/schema\/logo\/image\/","url":"https:\/\/www.schwazer.it\/wordpress\/wp-content\/uploads\/2023\/01\/Metallatelier-Christoph-Schwazer-Metall.png","contentUrl":"https:\/\/www.schwazer.it\/wordpress\/wp-content\/uploads\/2023\/01\/Metallatelier-Christoph-Schwazer-Metall.png","width":800,"height":429,"caption":"SCHWAZER METALL"},"image":{"@id":"https:\/\/www.schwazer.it\/#\/schema\/logo\/image\/"},"sameAs":["https:\/\/www.facebook.com\/metallatelier.it","https:\/\/www.instagram.com\/schwazermetall\/"]}]}},"_links":{"self":[{"href":"https:\/\/www.schwazer.it\/it\/wp-json\/wp\/v2\/product\/7138","targetHints":{"allow":["GET"]}}],"collection":[{"href":"https:\/\/www.schwazer.it\/it\/wp-json\/wp\/v2\/product"}],"about":[{"href":"https:\/\/www.schwazer.it\/it\/wp-json\/wp\/v2\/types\/product"}],"replies":[{"embeddable":true,"href":"https:\/\/www.schwazer.it\/it\/wp-json\/wp\/v2\/comments?post=7138"}],"wp:featuredmedia":[{"embeddable":true,"href":"https:\/\/www.schwazer.it\/it\/wp-json\/wp\/v2\/media\/7597"}],"wp:attachment":[{"href":"https:\/\/www.schwazer.it\/it\/wp-json\/wp\/v2\/media?parent=7138"}],"wp:term":[{"taxonomy":"product_brand","embeddable":true,"href":"https:\/\/www.schwazer.it\/it\/wp-json\/wp\/v2\/product_brand?post=7138"},{"taxonomy":"product_cat","embeddable":true,"href":"https:\/\/www.schwazer.it\/it\/wp-json\/wp\/v2\/product_cat?post=7138"},{"taxonomy":"product_tag","embeddable":true,"href":"https:\/\/www.schwazer.it\/it\/wp-json\/wp\/v2\/product_tag?post=7138"}],"curies":[{"name":"wp","href":"https:\/\/api.w.org\/{rel}","templated":true}]}}